{"id":12452,"date":"2026-04-21T15:05:59","date_gmt":"2026-04-21T15:05:59","guid":{"rendered":"https:\/\/directairhvac.com\/?page_id=12452"},"modified":"2026-04-21T15:09:31","modified_gmt":"2026-04-21T15:09:31","slug":"law-29-spare-parts","status":"publish","type":"page","link":"https:\/\/directairhvac.com\/fr\/law-29-spare-parts\/","title":{"rendered":"Loi 29 \u2013 Pi\u00e8ces de rechange"},"content":{"rendered":"<div data-elementor-type=\"wp-page\" data-elementor-id=\"12452\" class=\"elementor elementor-12452\" data-elementor-post-type=\"page\">\n\t\t\t\t<div class=\"elementor-element elementor-element-80a0d49 e-flex e-con-boxed e-con e-parent\" data-id=\"80a0d49\" data-element_type=\"container\" data-e-type=\"container\">\n\t\t\t\t\t<div class=\"e-con-inner\">\n\t\t<div class=\"elementor-element elementor-element-0f0b4e1 e-con-full e-grid e-con e-child\" data-id=\"0f0b4e1\" data-element_type=\"container\" data-e-type=\"container\">\n\t\t\t\t<div class=\"elementor-element elementor-element-76c40de elementor-widget__width-initial elementor-widget elementor-widget-heading\" data-id=\"76c40de\" data-element_type=\"widget\" data-e-type=\"widget\" data-widget_type=\"heading.default\">\n\t\t\t\t<div class=\"elementor-widget-container\">\n\t\t\t\t\t<h4 class=\"elementor-heading-title elementor-size-default\"><a href=\"https:\/\/directairhvac.com\/fr\/privacy-policy\/\">Politique de confidentialit\u00e9<\/a><\/h4>\t\t\t\t<\/div>\n\t\t\t\t<\/div>\n\t\t\t\t<div class=\"elementor-element elementor-element-cd84053 elementor-widget__width-initial elementor-widget elementor-widget-heading\" data-id=\"cd84053\" data-element_type=\"widget\" data-e-type=\"widget\" data-widget_type=\"heading.default\">\n\t\t\t\t<div class=\"elementor-widget-container\">\n\t\t\t\t\t<h4 class=\"elementor-heading-title elementor-size-default\"><a href=\"https:\/\/directairhvac.com\/fr\/supplier-code-of-conduct\/\">Code de conduite des fournisseur<\/a><\/h4>\t\t\t\t<\/div>\n\t\t\t\t<\/div>\n\t\t\t\t<div class=\"elementor-element elementor-element-b0d0b6b elementor-widget__width-initial elementor-widget elementor-widget-heading\" data-id=\"b0d0b6b\" data-element_type=\"widget\" data-e-type=\"widget\" data-widget_type=\"heading.default\">\n\t\t\t\t<div class=\"elementor-widget-container\">\n\t\t\t\t\t<h4 class=\"elementor-heading-title elementor-size-default\"><a href=\"https:\/\/directairhvac.com\/fr\/bill-s-211-annual-report\/\">Rapport annuel Loi S-211<\/a><\/h4>\t\t\t\t<\/div>\n\t\t\t\t<\/div>\n\t\t\t\t<div class=\"elementor-element elementor-element-528504d elementor-widget__width-initial elementor-widget elementor-widget-heading\" data-id=\"528504d\" data-element_type=\"widget\" data-e-type=\"widget\" data-widget_type=\"heading.default\">\n\t\t\t\t<div class=\"elementor-widget-container\">\n\t\t\t\t\t<h4 class=\"elementor-heading-title elementor-size-default\"><a href=\"https:\/\/directairhvac.com\/fr\/law-29-spare-parts\/\">Loi 29 \u2013 Pi\u00e8ces de rechange<\/a><\/h4>\t\t\t\t<\/div>\n\t\t\t\t<\/div>\n\t\t\t\t<\/div>\n\t\t\t\t<div class=\"elementor-element elementor-element-ae82da1 elementor-widget-divider--view-line elementor-widget elementor-widget-divider\" data-id=\"ae82da1\" data-element_type=\"widget\" data-e-type=\"widget\" data-widget_type=\"divider.default\">\n\t\t\t\t<div class=\"elementor-widget-container\">\n\t\t\t\t\t\t\t<div class=\"elementor-divider\">\n\t\t\t<span class=\"elementor-divider-separator\">\n\t\t\t\t\t\t<\/span>\n\t\t<\/div>\n\t\t\t\t\t\t<\/div>\n\t\t\t\t<\/div>\n\t\t\t\t\t<\/div>\n\t\t\t\t<\/div>\n\t\t<div class=\"elementor-element elementor-element-62bad9e e-flex e-con-boxed e-con e-parent\" data-id=\"62bad9e\" data-element_type=\"container\" data-e-type=\"container\">\n\t\t\t\t\t<div class=\"e-con-inner\">\n\t\t\t\t<div class=\"elementor-element elementor-element-7389468 elementor-widget elementor-widget-heading\" data-id=\"7389468\" data-element_type=\"widget\" data-e-type=\"widget\" data-widget_type=\"heading.default\">\n\t\t\t\t<div class=\"elementor-widget-container\">\n\t\t\t\t\t<h2 class=\"elementor-heading-title elementor-size-default\">Loi 29 \u2013 Pi\u00e8ces de rechange <\/h2>\t\t\t\t<\/div>\n\t\t\t\t<\/div>\n\t\t\t\t\t<\/div>\n\t\t\t\t<\/div>\n\t\t<div class=\"elementor-element elementor-element-49d74ab e-flex e-con-boxed e-con e-parent\" data-id=\"49d74ab\" data-element_type=\"container\" data-e-type=\"container\">\n\t\t\t\t\t<div class=\"e-con-inner\">\n\t\t\t\t<div class=\"elementor-element elementor-element-0d49d70 elementor-widget elementor-widget-text-editor\" data-id=\"0d49d70\" data-element_type=\"widget\" data-e-type=\"widget\" data-widget_type=\"text-editor.default\">\n\t\t\t\t<div class=\"elementor-widget-container\">\n\t\t\t\t\t\t\t\t\t<p><strong>Politique de distribution des pi\u00e8ces de rechange, d\u2019entretien et de r\u00e9paration<\/strong><\/p><p>Bien que nous mettions tout en \u0153uvre pour offrir \u00e0 notre client\u00e8le l\u2019acc\u00e8s aux services de r\u00e9paration (par le biais d\u2019interm\u00e9diaires d\u00e9tenant les certifications requises), aux pi\u00e8ces de rechange ainsi qu\u2019aux informations d\u2019entretien et de r\u00e9paration, nous ne garantissons aucunement la disponibilit\u00e9 de (i) pi\u00e8ces de rechange, (ii) services de r\u00e9paration, et\/ou (iii) renseignements n\u00e9cessaires \u00e0 l\u2019entretien ou \u00e0 la r\u00e9paration de l\u2019ensemble des biens que nous vendons, et n\u2019y sommes pas autrement tenus en vertu de la garantie l\u00e9gale de disponibilit\u00e9 pr\u00e9vue aux articles 39 et suivants de la Loi sur la protection du consommateur du Qu\u00e9bec.<\/p>\t\t\t\t\t\t\t\t<\/div>\n\t\t\t\t<\/div>\n\t\t\t\t\t<\/div>\n\t\t\t\t<\/div>\n\t\t\t\t<\/div>","protected":false},"excerpt":{"rendered":"<p>Privacy Policy Supplier Code of Conduct Bill S-211 Annual Report Law 29- Spare Parts Law 29- Spare Parts Policy on [&hellip;]<\/p>\n","protected":false},"author":1,"featured_media":0,"parent":0,"menu_order":0,"comment_status":"closed","ping_status":"closed","template":"","meta":{"_monsterinsights_skip_tracking":false,"_monsterinsights_sitenote_active":false,"_monsterinsights_sitenote_note":"","_monsterinsights_sitenote_category":0,"site-sidebar-layout":"no-sidebar","site-content-layout":"","ast-site-content-layout":"full-width-container","site-content-style":"default","site-sidebar-style":"default","ast-global-header-display":"","ast-banner-title-visibility":"","ast-main-header-display":"","ast-hfb-above-header-display":"","ast-hfb-below-header-display":"","ast-hfb-mobile-header-display":"","site-post-title":"disabled","ast-breadcrumbs-content":"","ast-featured-img":"disabled","footer-sml-layout":"","theme-transparent-header-meta":"","adv-header-id-meta":"","stick-header-meta":"","header-above-stick-meta":"","header-main-stick-meta":"","header-below-stick-meta":"","astra-migrate-meta-layouts":"default","ast-page-background-enabled":"default","ast-page-background-meta":{"desktop":{"background-color":"var(--ast-global-color-4)","background-image":"","background-repeat":"repeat","background-position":"center center","background-size":"auto","background-attachment":"scroll","background-type":"","background-media":"","overlay-type":"","overlay-color":"","overlay-opacity":"","overlay-gradient":""},"tablet":{"background-color":"","background-image":"","background-repeat":"repeat","background-position":"center center","background-size":"auto","background-attachment":"scroll","background-type":"","background-media":"","overlay-type":"","overlay-color":"","overlay-opacity":"","overlay-gradient":""},"mobile":{"background-color":"","background-image":"","background-repeat":"repeat","background-position":"center center","background-size":"auto","background-attachment":"scroll","background-type":"","background-media":"","overlay-type":"","overlay-color":"","overlay-opacity":"","overlay-gradient":""}},"ast-content-background-meta":{"desktop":{"background-color":"var(--ast-global-color-5)","background-image":"","background-repeat":"repeat","background-position":"center center","background-size":"auto","background-attachment":"scroll","background-type":"","background-media":"","overlay-type":"","overlay-color":"","overlay-opacity":"","overlay-gradient":""},"tablet":{"background-color":"var(--ast-global-color-5)","background-image":"","background-repeat":"repeat","background-position":"center center","background-size":"auto","background-attachment":"scroll","background-type":"","background-media":"","overlay-type":"","overlay-color":"","overlay-opacity":"","overlay-gradient":""},"mobile":{"background-color":"var(--ast-global-color-5)","background-image":"","background-repeat":"repeat","background-position":"center center","background-size":"auto","background-attachment":"scroll","background-type":"","background-media":"","overlay-type":"","overlay-color":"","overlay-opacity":"","overlay-gradient":""}},"footnotes":""},"class_list":["post-12452","page","type-page","status-publish","hentry"],"yoast_head":"<!-- This site is optimized with the Yoast SEO plugin v27.5 - https:\/\/yoast.com\/product\/yoast-seo-wordpress\/ -->\n<title>Law 29- Spare Parts - Direct Air | Comfort at its Best<\/title>\n<meta name=\"description\" content=\"Privacy Policy Supplier Code of Conduct Bill S-211 Annual Report Law 29- Spare Parts Law 29- Spare Parts Policy on the distribution of spare parts,\" \/>\n<meta name=\"robots\" content=\"index, follow, max-snippet:-1, max-image-preview:large, max-video-preview:-1\" \/>\n<link rel=\"canonical\" href=\"https:\/\/directairhvac.com\/fr\/law-29-spare-parts\/\" \/>\n<meta property=\"og:locale\" content=\"fr_CA\" \/>\n<meta property=\"og:type\" content=\"article\" \/>\n<meta property=\"og:title\" content=\"Law 29- Spare Parts - Direct Air | Comfort at its Best\" \/>\n<meta property=\"og:description\" content=\"Privacy Policy Supplier Code of Conduct Bill S-211 Annual Report Law 29- Spare Parts Law 29- Spare Parts Policy on the distribution of spare parts,\" \/>\n<meta property=\"og:url\" content=\"https:\/\/directairhvac.com\/fr\/law-29-spare-parts\/\" \/>\n<meta property=\"og:site_name\" content=\"Direct Air\" \/>\n<meta property=\"article:modified_time\" content=\"2026-04-21T15:09:31+00:00\" \/>\n<meta property=\"og:image\" content=\"https:\/\/directairhvac.com\/wp-content\/uploads\/2023\/11\/cropped-direct-air-couleur-sans-fond-e1713278308993.png\" \/>\n\t<meta property=\"og:image:width\" content=\"200\" \/>\n\t<meta property=\"og:image:height\" content=\"92\" \/>\n\t<meta property=\"og:image:type\" content=\"image\/png\" \/>\n<meta name=\"twitter:card\" content=\"summary_large_image\" \/>\n<meta name=\"twitter:label1\" content=\"Estimation du temps de lecture\" \/>\n\t<meta name=\"twitter:data1\" content=\"1 minute\" \/>\n<script type=\"application\/ld+json\" class=\"yoast-schema-graph\">{\"@context\":\"https:\\\/\\\/schema.org\",\"@graph\":[{\"@type\":\"WebPage\",\"@id\":\"https:\\\/\\\/directairhvac.com\\\/law-29-spare-parts\\\/\",\"url\":\"https:\\\/\\\/directairhvac.com\\\/law-29-spare-parts\\\/\",\"name\":\"Law 29- Spare Parts - Direct Air | Comfort at its Best\",\"isPartOf\":{\"@id\":\"https:\\\/\\\/directairhvac.com\\\/#website\"},\"datePublished\":\"2026-04-21T15:05:59+00:00\",\"dateModified\":\"2026-04-21T15:09:31+00:00\",\"description\":\"Privacy Policy Supplier Code of Conduct Bill S-211 Annual Report Law 29- Spare Parts Law 29- Spare Parts Policy on the distribution of spare parts,\",\"breadcrumb\":{\"@id\":\"https:\\\/\\\/directairhvac.com\\\/law-29-spare-parts\\\/#breadcrumb\"},\"inLanguage\":\"fr-CA\",\"potentialAction\":[{\"@type\":\"ReadAction\",\"target\":[\"https:\\\/\\\/directairhvac.com\\\/law-29-spare-parts\\\/\"]}]},{\"@type\":\"BreadcrumbList\",\"@id\":\"https:\\\/\\\/directairhvac.com\\\/law-29-spare-parts\\\/#breadcrumb\",\"itemListElement\":[{\"@type\":\"ListItem\",\"position\":1,\"name\":\"Home\",\"item\":\"https:\\\/\\\/directairhvac.com\\\/\"},{\"@type\":\"ListItem\",\"position\":2,\"name\":\"Law 29- Spare Parts\"}]},{\"@type\":\"WebSite\",\"@id\":\"https:\\\/\\\/directairhvac.com\\\/#website\",\"url\":\"https:\\\/\\\/directairhvac.com\\\/\",\"name\":\"Direct Air | Comfort at its Best\",\"description\":\"Direct Air | Comfort at its Best\",\"publisher\":{\"@id\":\"https:\\\/\\\/directairhvac.com\\\/#organization\"},\"alternateName\":\"Direct Air HVAC\",\"potentialAction\":[{\"@type\":\"SearchAction\",\"target\":{\"@type\":\"EntryPoint\",\"urlTemplate\":\"https:\\\/\\\/directairhvac.com\\\/?s={search_term_string}\"},\"query-input\":{\"@type\":\"PropertyValueSpecification\",\"valueRequired\":true,\"valueName\":\"search_term_string\"}}],\"inLanguage\":\"fr-CA\"},{\"@type\":\"Organization\",\"@id\":\"https:\\\/\\\/directairhvac.com\\\/#organization\",\"name\":\"Direct Air | Comfort at its Best\",\"alternateName\":\"Direct Air HVAC\",\"url\":\"https:\\\/\\\/directairhvac.com\\\/\",\"logo\":{\"@type\":\"ImageObject\",\"inLanguage\":\"fr-CA\",\"@id\":\"https:\\\/\\\/directairhvac.com\\\/#\\\/schema\\\/logo\\\/image\\\/\",\"url\":\"https:\\\/\\\/directairhvac.com\\\/wp-content\\\/uploads\\\/2023\\\/11\\\/direct-air-couleur-sans-fond-e1713278308993.png\",\"contentUrl\":\"https:\\\/\\\/directairhvac.com\\\/wp-content\\\/uploads\\\/2023\\\/11\\\/direct-air-couleur-sans-fond-e1713278308993.png\",\"width\":200,\"height\":92,\"caption\":\"Direct Air | Comfort at its Best\"},\"image\":{\"@id\":\"https:\\\/\\\/directairhvac.com\\\/#\\\/schema\\\/logo\\\/image\\\/\"}}]}<\/script>\n<!-- \/ Yoast SEO plugin. -->","yoast_head_json":{"title":"Law 29- Spare Parts - Direct Air | Comfort at its Best","description":"Privacy Policy Supplier Code of Conduct Bill S-211 Annual Report Law 29- Spare Parts Law 29- Spare Parts Policy on the distribution of spare parts,","robots":{"index":"index","follow":"follow","max-snippet":"max-snippet:-1","max-image-preview":"max-image-preview:large","max-video-preview":"max-video-preview:-1"},"canonical":"https:\/\/directairhvac.com\/fr\/law-29-spare-parts\/","og_locale":"fr_CA","og_type":"article","og_title":"Law 29- Spare Parts - Direct Air | Comfort at its Best","og_description":"Privacy Policy Supplier Code of Conduct Bill S-211 Annual Report Law 29- Spare Parts Law 29- Spare Parts Policy on the distribution of spare parts,","og_url":"https:\/\/directairhvac.com\/fr\/law-29-spare-parts\/","og_site_name":"Direct Air","article_modified_time":"2026-04-21T15:09:31+00:00","og_image":[{"width":200,"height":92,"url":"https:\/\/directairhvac.com\/wp-content\/uploads\/2023\/11\/cropped-direct-air-couleur-sans-fond-e1713278308993.png","type":"image\/png"}],"twitter_card":"summary_large_image","twitter_misc":{"Estimation du temps de lecture":"1 minute"},"schema":{"@context":"https:\/\/schema.org","@graph":[{"@type":"WebPage","@id":"https:\/\/directairhvac.com\/law-29-spare-parts\/","url":"https:\/\/directairhvac.com\/law-29-spare-parts\/","name":"Law 29- Spare Parts - Direct Air | Comfort at its Best","isPartOf":{"@id":"https:\/\/directairhvac.com\/#website"},"datePublished":"2026-04-21T15:05:59+00:00","dateModified":"2026-04-21T15:09:31+00:00","description":"Privacy Policy Supplier Code of Conduct Bill S-211 Annual Report Law 29- Spare Parts Law 29- Spare Parts Policy on the distribution of spare parts,","breadcrumb":{"@id":"https:\/\/directairhvac.com\/law-29-spare-parts\/#breadcrumb"},"inLanguage":"fr-CA","potentialAction":[{"@type":"ReadAction","target":["https:\/\/directairhvac.com\/law-29-spare-parts\/"]}]},{"@type":"BreadcrumbList","@id":"https:\/\/directairhvac.com\/law-29-spare-parts\/#breadcrumb","itemListElement":[{"@type":"ListItem","position":1,"name":"Home","item":"https:\/\/directairhvac.com\/"},{"@type":"ListItem","position":2,"name":"Law 29- Spare Parts"}]},{"@type":"WebSite","@id":"https:\/\/directairhvac.com\/#website","url":"https:\/\/directairhvac.com\/","name":"Direct Air | Comfort at its Best","description":"Direct Air | Comfort at its Best","publisher":{"@id":"https:\/\/directairhvac.com\/#organization"},"alternateName":"Direct Air HVAC","potentialAction":[{"@type":"SearchAction","target":{"@type":"EntryPoint","urlTemplate":"https:\/\/directairhvac.com\/?s={search_term_string}"},"query-input":{"@type":"PropertyValueSpecification","valueRequired":true,"valueName":"search_term_string"}}],"inLanguage":"fr-CA"},{"@type":"Organization","@id":"https:\/\/directairhvac.com\/#organization","name":"Direct Air | Comfort at its Best","alternateName":"Direct Air HVAC","url":"https:\/\/directairhvac.com\/","logo":{"@type":"ImageObject","inLanguage":"fr-CA","@id":"https:\/\/directairhvac.com\/#\/schema\/logo\/image\/","url":"https:\/\/directairhvac.com\/wp-content\/uploads\/2023\/11\/direct-air-couleur-sans-fond-e1713278308993.png","contentUrl":"https:\/\/directairhvac.com\/wp-content\/uploads\/2023\/11\/direct-air-couleur-sans-fond-e1713278308993.png","width":200,"height":92,"caption":"Direct Air | Comfort at its Best"},"image":{"@id":"https:\/\/directairhvac.com\/#\/schema\/logo\/image\/"}}]}},"_links":{"self":[{"href":"https:\/\/directairhvac.com\/fr\/wp-json\/wp\/v2\/pages\/12452","targetHints":{"allow":["GET"]}}],"collection":[{"href":"https:\/\/directairhvac.com\/fr\/wp-json\/wp\/v2\/pages"}],"about":[{"href":"https:\/\/directairhvac.com\/fr\/wp-json\/wp\/v2\/types\/page"}],"author":[{"embeddable":true,"href":"https:\/\/directairhvac.com\/fr\/wp-json\/wp\/v2\/users\/1"}],"replies":[{"embeddable":true,"href":"https:\/\/directairhvac.com\/fr\/wp-json\/wp\/v2\/comments?post=12452"}],"version-history":[{"count":13,"href":"https:\/\/directairhvac.com\/fr\/wp-json\/wp\/v2\/pages\/12452\/revisions"}],"predecessor-version":[{"id":12467,"href":"https:\/\/directairhvac.com\/fr\/wp-json\/wp\/v2\/pages\/12452\/revisions\/12467"}],"wp:attachment":[{"href":"https:\/\/directairhvac.com\/fr\/wp-json\/wp\/v2\/media?parent=12452"}],"curies":[{"name":"wp","href":"https:\/\/api.w.org\/{rel}","templated":true}]}}