{"id":2867,"date":"2024-01-05T18:57:49","date_gmt":"2024-01-05T18:57:49","guid":{"rendered":"http:\/\/directairhvac.com\/?page_id=2867"},"modified":"2026-03-09T20:29:21","modified_gmt":"2026-03-09T20:29:21","slug":"air-conditioner","status":"publish","type":"page","link":"https:\/\/directairhvac.com\/fr\/central-system\/air-conditioner\/","title":{"rendered":"Air Conditioner\/Central System"},"content":{"rendered":"<div data-elementor-type=\"wp-page\" data-elementor-id=\"2867\" class=\"elementor elementor-2867\" data-elementor-post-type=\"page\">\n\t\t\t\t<div class=\"elementor-element elementor-element-ee7b976 e-con-full e-flex e-con e-parent\" data-id=\"ee7b976\" data-element_type=\"container\" data-e-type=\"container\" data-settings=\"{&quot;background_background&quot;:&quot;classic&quot;}\">\n\t\t<div class=\"elementor-element elementor-element-dfbeb7b e-con-full e-flex e-con e-child\" data-id=\"dfbeb7b\" data-element_type=\"container\" data-e-type=\"container\" data-settings=\"{&quot;background_background&quot;:&quot;classic&quot;}\">\n\t\t\t\t<div class=\"elementor-element elementor-element-275b682 elementor-widget-tablet__width-initial elementor-widget elementor-widget-text-editor\" data-id=\"275b682\" data-element_type=\"widget\" data-e-type=\"widget\" data-widget_type=\"text-editor.default\">\n\t\t\t\t<div class=\"elementor-widget-container\">\n\t\t\t\t\t\t\t\t\t<p><span style=\"color: #333333;\">|<span style=\"color: #ffffff;\">\u00a0Unit\u00e9 centrale Climatiseur<\/span><\/span><\/p>\t\t\t\t\t\t\t\t<\/div>\n\t\t\t\t<\/div>\n\t\t\t\t<div class=\"elementor-element elementor-element-7c18c70 elementor-widget__width-initial elementor-widget elementor-widget-text-editor\" data-id=\"7c18c70\" data-element_type=\"widget\" data-e-type=\"widget\" data-widget_type=\"text-editor.default\">\n\t\t\t\t<div class=\"elementor-widget-container\">\n\t\t\t\t\t\t\t\t\t<p>Direct Air offre une gamme de produits fiables et de qualit\u00e9 sup\u00e9rieure qui apporteront des ann\u00e9es de confort et de tranquillit\u00e9 d\u2019esprit \u00e0 votre famille.  Choisissez parmi nos mod\u00e8les celui qui vous convient et profitez du confort \u00e0 son meilleur!<\/p>\t\t\t\t\t\t\t\t<\/div>\n\t\t\t\t<\/div>\n\t\t\t\t<\/div>\n\t\t\t\t<\/div>\n\t\t<div class=\"elementor-element elementor-element-b732e53 e-flex e-con-boxed e-con e-parent\" data-id=\"b732e53\" data-element_type=\"container\" data-e-type=\"container\" data-settings=\"{&quot;background_background&quot;:&quot;gradient&quot;}\">\n\t\t\t\t\t<div class=\"e-con-inner\">\n\t\t\t\t<div class=\"elementor-element elementor-element-ece497a elementor-widget elementor-widget-heading\" data-id=\"ece497a\" data-element_type=\"widget\" data-e-type=\"widget\" data-widget_type=\"heading.default\">\n\t\t\t\t<div class=\"elementor-widget-container\">\n\t\t\t\t\t<h2 class=\"elementor-heading-title elementor-size-default\">Le grand monde de l\u2019air conditionn\u00e9 \u00e0 DirectAir <\/h2>\t\t\t\t<\/div>\n\t\t\t\t<\/div>\n\t\t\t\t<div class=\"elementor-element elementor-element-1530689 elementor-widget elementor-widget-text-editor\" data-id=\"1530689\" data-element_type=\"widget\" data-e-type=\"widget\" data-widget_type=\"text-editor.default\">\n\t\t\t\t<div class=\"elementor-widget-container\">\n\t\t\t\t\t\t\t\t\t<p>Le processus de refroidissement d\u2019un climatiseur consiste \u00e0 extraire la chaleur et l\u2019humidit\u00e9 de votre espace int\u00e9rieur et \u00e0 l\u2019expulser \u00e0 l\u2019ext\u00e9rieur, ce qui abaisse par cons\u00e9quent la temp\u00e9rature de votre maison. Cette op\u00e9ration complexe n\u00e9cessite une coordination parfaite entre tous les \u00e9l\u00e9ments du syst\u00e8me de refroidissement central.<\/p>\t\t\t\t\t\t\t\t<\/div>\n\t\t\t\t<\/div>\n\t\t\t\t<div class=\"elementor-element elementor-element-3440fb9 elementor-align-center elementor-widget elementor-widget-button\" data-id=\"3440fb9\" data-element_type=\"widget\" data-e-type=\"widget\" data-widget_type=\"button.default\">\n\t\t\t\t<div class=\"elementor-widget-container\">\n\t\t\t\t\t\t\t\t\t<div class=\"elementor-button-wrapper\">\n\t\t\t\t\t<a class=\"elementor-button elementor-button-link elementor-size-sm\" href=\"\/fr\/heating-cooling-products\/central-system\/\">\n\t\t\t\t\t\t<span class=\"elementor-button-content-wrapper\">\n\t\t\t\t\t\t<span class=\"elementor-button-icon\">\n\t\t\t\t<svg aria-hidden=\"true\" class=\"e-font-icon-svg e-fas-angle-right\" viewbox=\"0 0 256 512\" xmlns=\"http:\/\/www.w3.org\/2000\/svg\"><path d=\"M224.3 273l-136 136c-9.4 9.4-24.6 9.4-33.9 0l-22.6-22.6c-9.4-9.4-9.4-24.6 0-33.9l96.4-96.4-96.4-96.4c-9.4-9.4-9.4-24.6 0-33.9L54.3 103c9.4-9.4 24.6-9.4 33.9 0l136 136c9.5 9.4 9.5 24.6.1 34z\"><\/path><\/svg>\t\t\t<\/span>\n\t\t\t\t\t\t\t\t\t<span class=\"elementor-button-text\">Comprendre le climatiseur<\/span>\n\t\t\t\t\t<\/span>\n\t\t\t\t\t<\/a>\n\t\t\t\t<\/div>\n\t\t\t\t\t\t\t\t<\/div>\n\t\t\t\t<\/div>\n\t\t\t\t\t<\/div>\n\t\t\t\t<\/div>\n\t\t<div class=\"elementor-element elementor-element-7e11d01 e-flex e-con-boxed e-con e-parent\" data-id=\"7e11d01\" data-element_type=\"container\" data-e-type=\"container\" data-settings=\"{&quot;background_background&quot;:&quot;classic&quot;}\">\n\t\t\t\t\t<div class=\"e-con-inner\">\n\t\t<div class=\"elementor-element elementor-element-601f6d0 e-con-full e-flex e-con e-child\" data-id=\"601f6d0\" data-element_type=\"container\" data-e-type=\"container\">\n\t\t<div class=\"elementor-element elementor-element-4df7d87 e-flex e-con-boxed e-con e-child\" data-id=\"4df7d87\" data-element_type=\"container\" data-e-type=\"container\">\n\t\t\t\t\t<div class=\"e-con-inner\">\n\t\t\t\t<div class=\"elementor-element elementor-element-31a7fe3 elementor-widget elementor-widget-image\" data-id=\"31a7fe3\" data-element_type=\"widget\" data-e-type=\"widget\" data-widget_type=\"image.default\">\n\t\t\t\t<div class=\"elementor-widget-container\">\n\t\t\t\t\t\t\t\t\t\t\t\t\t\t\t<img fetchpriority=\"high\" decoding=\"async\" width=\"520\" height=\"495\" src=\"https:\/\/directairhvac.com\/wp-content\/uploads\/2024\/04\/Central-Heat-pump.png\" class=\"attachment-medium_large size-medium_large wp-image-7539\" alt=\"\" srcset=\"https:\/\/directairhvac.com\/wp-content\/uploads\/2024\/04\/Central-Heat-pump.png 520w, https:\/\/directairhvac.com\/wp-content\/uploads\/2024\/04\/Central-Heat-pump-300x286.png 300w, https:\/\/directairhvac.com\/wp-content\/uploads\/2024\/04\/Central-Heat-pump-13x12.png 13w\" sizes=\"(max-width: 520px) 100vw, 520px\" \/>\t\t\t\t\t\t\t\t\t\t\t\t\t\t\t<\/div>\n\t\t\t\t<\/div>\n\t\t\t\t\t<\/div>\n\t\t\t\t<\/div>\n\t\t<div class=\"elementor-element elementor-element-abb71a9 e-flex e-con-boxed e-con e-child\" data-id=\"abb71a9\" data-element_type=\"container\" data-e-type=\"container\">\n\t\t\t\t\t<div class=\"e-con-inner\">\n\t\t\t\t<div class=\"elementor-element elementor-element-f821b30 elementor-widget elementor-widget-heading\" data-id=\"f821b30\" data-element_type=\"widget\" data-e-type=\"widget\" data-widget_type=\"heading.default\">\n\t\t\t\t<div class=\"elementor-widget-container\">\n\t\t\t\t\t<h3 class=\"elementor-heading-title elementor-size-default\">S\u00c9RIE MOVA 13, 4 SEER<\/h3>\t\t\t\t<\/div>\n\t\t\t\t<\/div>\n\t\t\t\t<div class=\"elementor-element elementor-element-d34a5a3 elementor-widget elementor-widget-text-editor\" data-id=\"d34a5a3\" data-element_type=\"widget\" data-e-type=\"widget\" data-widget_type=\"text-editor.default\">\n\t\t\t\t<div class=\"elementor-widget-container\">\n\t\t\t\t\t\t\t\t\t<p>Aliment\u00e9e par la technologie de pointe Ultra Heat de Direct Air, la s\u00e9rie Magic Pro offre une impressionnante capacit\u00e9 de chauffage \u00e0 100\u00a0% m\u00eame \u00e0 -20 \u00b0C \/ -4 \u00b0F.\u00a0<\/p>\t\t\t\t\t\t\t\t<\/div>\n\t\t\t\t<\/div>\n\t\t\t\t<div class=\"elementor-element elementor-element-1719007 elementor-align-center elementor-widget elementor-widget-button\" data-id=\"1719007\" data-element_type=\"widget\" data-e-type=\"widget\" data-widget_type=\"button.default\">\n\t\t\t\t<div class=\"elementor-widget-container\">\n\t\t\t\t\t\t\t\t\t<div class=\"elementor-button-wrapper\">\n\t\t\t\t\t<a class=\"elementor-button elementor-button-link elementor-size-sm\" href=\"\/fr\/heating-cooling-products\/central-system\/air-conditioner\/mova-13-4-seer\/\">\n\t\t\t\t\t\t<span class=\"elementor-button-content-wrapper\">\n\t\t\t\t\t\t<span class=\"elementor-button-icon\">\n\t\t\t\t<svg aria-hidden=\"true\" class=\"e-font-icon-svg e-fas-angle-right\" viewbox=\"0 0 256 512\" xmlns=\"http:\/\/www.w3.org\/2000\/svg\"><path d=\"M224.3 273l-136 136c-9.4 9.4-24.6 9.4-33.9 0l-22.6-22.6c-9.4-9.4-9.4-24.6 0-33.9l96.4-96.4-96.4-96.4c-9.4-9.4-9.4-24.6 0-33.9L54.3 103c9.4-9.4 24.6-9.4 33.9 0l136 136c9.5 9.4 9.5 24.6.1 34z\"><\/path><\/svg>\t\t\t<\/span>\n\t\t\t\t\t\t\t\t\t<span class=\"elementor-button-text\">En savoir plus<\/span>\n\t\t\t\t\t<\/span>\n\t\t\t\t\t<\/a>\n\t\t\t\t<\/div>\n\t\t\t\t\t\t\t\t<\/div>\n\t\t\t\t<\/div>\n\t\t\t\t\t<\/div>\n\t\t\t\t<\/div>\n\t\t\t\t<\/div>\n\t\t<div class=\"elementor-element elementor-element-ea22edb e-flex e-con-boxed e-con e-child\" data-id=\"ea22edb\" data-element_type=\"container\" data-e-type=\"container\">\n\t\t\t\t\t<div class=\"e-con-inner\">\n\t\t\t\t<div class=\"elementor-element elementor-element-218dd9a elementor-widget__width-initial elementor-widget elementor-widget-heading\" data-id=\"218dd9a\" data-element_type=\"widget\" data-e-type=\"widget\" data-widget_type=\"heading.default\">\n\t\t\t\t<div class=\"elementor-widget-container\">\n\t\t\t\t\t<h2 class=\"elementor-heading-title elementor-size-default\">Explorez nos climatiseurs pour trouver le bon syst\u00e8me pour votre maison.<\/h2>\t\t\t\t<\/div>\n\t\t\t\t<\/div>\n\t\t\t\t\t<\/div>\n\t\t\t\t<\/div>\n\t\t\t\t\t<\/div>\n\t\t\t\t<\/div>\n\t\t\t\t<\/div>","protected":false},"excerpt":{"rendered":"<p>|\u00a0Central Air Conditioners Direct Air offers a range of reliable and premium quality products that will bring years of comfort [&hellip;]<\/p>\n","protected":false},"author":1,"featured_media":0,"parent":2857,"menu_order":0,"comment_status":"closed","ping_status":"closed","template":"","meta":{"_monsterinsights_skip_tracking":false,"_monsterinsights_sitenote_active":false,"_monsterinsights_sitenote_note":"","_monsterinsights_sitenote_category":0,"site-sidebar-layout":"no-sidebar","site-content-layout":"page-builder","ast-site-content-layout":"full-width-container","site-content-style":"default","site-sidebar-style":"default","ast-global-header-display":"","ast-banner-title-visibility":"","ast-main-header-display":"","ast-hfb-above-header-display":"","ast-hfb-below-header-display":"","ast-hfb-mobile-header-display":"","site-post-title":"disabled","ast-breadcrumbs-content":"","ast-featured-img":"disabled","footer-sml-layout":"","theme-transparent-header-meta":"","adv-header-id-meta":"","stick-header-meta":"","header-above-stick-meta":"","header-main-stick-meta":"","header-below-stick-meta":"","astra-migrate-meta-layouts":"set","ast-page-background-enabled":"default","ast-page-background-meta":{"desktop":{"background-color":"var(--ast-global-color-4)","background-image":"","background-repeat":"repeat","background-position":"center center","background-size":"auto","background-attachment":"scroll","background-type":"","background-media":"","overlay-type":"","overlay-color":"","overlay-opacity":"","overlay-gradient":""},"tablet":{"background-color":"","background-image":"","background-repeat":"repeat","background-position":"center center","background-size":"auto","background-attachment":"scroll","background-type":"","background-media":"","overlay-type":"","overlay-color":"","overlay-opacity":"","overlay-gradient":""},"mobile":{"background-color":"","background-image":"","background-repeat":"repeat","background-position":"center center","background-size":"auto","background-attachment":"scroll","background-type":"","background-media":"","overlay-type":"","overlay-color":"","overlay-opacity":"","overlay-gradient":""}},"ast-content-background-meta":{"desktop":{"background-color":"var(--ast-global-color-5)","background-image":"","background-repeat":"repeat","background-position":"center center","background-size":"auto","background-attachment":"scroll","background-type":"","background-media":"","overlay-type":"","overlay-color":"","overlay-opacity":"","overlay-gradient":""},"tablet":{"background-color":"var(--ast-global-color-5)","background-image":"","background-repeat":"repeat","background-position":"center center","background-size":"auto","background-attachment":"scroll","background-type":"","background-media":"","overlay-type":"","overlay-color":"","overlay-opacity":"","overlay-gradient":""},"mobile":{"background-color":"var(--ast-global-color-5)","background-image":"","background-repeat":"repeat","background-position":"center center","background-size":"auto","background-attachment":"scroll","background-type":"","background-media":"","overlay-type":"","overlay-color":"","overlay-opacity":"","overlay-gradient":""}},"footnotes":""},"class_list":["post-2867","page","type-page","status-publish","hentry"],"yoast_head":"<!-- This site is optimized with the Yoast SEO plugin v27.3 - https:\/\/yoast.com\/product\/yoast-seo-wordpress\/ -->\n<title>Air Conditioner\/Central System - Direct Air | Comfort at its Best<\/title>\n<meta name=\"description\" content=\"|\u00a0Central Air ConditionersDirect Air offers a range of reliable and premium quality products that will bring years of comfort and peace of mind to your\" \/>\n<meta name=\"robots\" content=\"index, follow, max-snippet:-1, max-image-preview:large, max-video-preview:-1\" \/>\n<link rel=\"canonical\" href=\"https:\/\/directairhvac.com\/fr\/central-system\/air-conditioner\/\" \/>\n<meta property=\"og:locale\" content=\"fr_CA\" \/>\n<meta property=\"og:type\" content=\"article\" \/>\n<meta property=\"og:title\" content=\"Air Conditioner\/Central System - Direct Air | Comfort at its Best\" \/>\n<meta property=\"og:description\" content=\"|\u00a0Central Air ConditionersDirect Air offers a range of reliable and premium quality products that will bring years of comfort and peace of mind to your\" \/>\n<meta property=\"og:url\" content=\"https:\/\/directairhvac.com\/fr\/central-system\/air-conditioner\/\" \/>\n<meta property=\"og:site_name\" content=\"Direct Air\" \/>\n<meta property=\"article:modified_time\" content=\"2026-03-09T20:29:21+00:00\" \/>\n<meta property=\"og:image\" content=\"https:\/\/directairhvac.com\/wp-content\/uploads\/2024\/04\/Central-Heat-pump.png\" \/>\n\t<meta property=\"og:image:width\" content=\"520\" \/>\n\t<meta property=\"og:image:height\" content=\"495\" \/>\n\t<meta property=\"og:image:type\" content=\"image\/png\" \/>\n<meta name=\"twitter:card\" content=\"summary_large_image\" \/>\n<meta name=\"twitter:label1\" content=\"Estimation du temps de lecture\" \/>\n\t<meta name=\"twitter:data1\" content=\"1 minute\" \/>\n<script type=\"application\/ld+json\" class=\"yoast-schema-graph\">{\"@context\":\"https:\\\/\\\/schema.org\",\"@graph\":[{\"@type\":\"WebPage\",\"@id\":\"https:\\\/\\\/directairhvac.com\\\/central-system\\\/air-conditioner\\\/\",\"url\":\"https:\\\/\\\/directairhvac.com\\\/central-system\\\/air-conditioner\\\/\",\"name\":\"Air Conditioner\\\/Central System - Direct Air | Comfort at its Best\",\"isPartOf\":{\"@id\":\"https:\\\/\\\/directairhvac.com\\\/#website\"},\"primaryImageOfPage\":{\"@id\":\"https:\\\/\\\/directairhvac.com\\\/central-system\\\/air-conditioner\\\/#primaryimage\"},\"image\":{\"@id\":\"https:\\\/\\\/directairhvac.com\\\/central-system\\\/air-conditioner\\\/#primaryimage\"},\"thumbnailUrl\":\"https:\\\/\\\/directairhvac.com\\\/wp-content\\\/uploads\\\/2024\\\/04\\\/Central-Heat-pump.png\",\"datePublished\":\"2024-01-05T18:57:49+00:00\",\"dateModified\":\"2026-03-09T20:29:21+00:00\",\"description\":\"|\u00a0Central Air ConditionersDirect Air offers a range of reliable and premium quality products that will bring years of comfort and peace of mind to your\",\"breadcrumb\":{\"@id\":\"https:\\\/\\\/directairhvac.com\\\/central-system\\\/air-conditioner\\\/#breadcrumb\"},\"inLanguage\":\"fr-CA\",\"potentialAction\":[{\"@type\":\"ReadAction\",\"target\":[\"https:\\\/\\\/directairhvac.com\\\/central-system\\\/air-conditioner\\\/\"]}]},{\"@type\":\"ImageObject\",\"inLanguage\":\"fr-CA\",\"@id\":\"https:\\\/\\\/directairhvac.com\\\/central-system\\\/air-conditioner\\\/#primaryimage\",\"url\":\"https:\\\/\\\/directairhvac.com\\\/wp-content\\\/uploads\\\/2024\\\/04\\\/Central-Heat-pump.png\",\"contentUrl\":\"https:\\\/\\\/directairhvac.com\\\/wp-content\\\/uploads\\\/2024\\\/04\\\/Central-Heat-pump.png\"},{\"@type\":\"BreadcrumbList\",\"@id\":\"https:\\\/\\\/directairhvac.com\\\/central-system\\\/air-conditioner\\\/#breadcrumb\",\"itemListElement\":[{\"@type\":\"ListItem\",\"position\":1,\"name\":\"Home\",\"item\":\"https:\\\/\\\/directairhvac.com\\\/\"},{\"@type\":\"ListItem\",\"position\":2,\"name\":\"Central System\",\"item\":\"https:\\\/\\\/directairhvac.com\\\/central-system\\\/\"},{\"@type\":\"ListItem\",\"position\":3,\"name\":\"Air Conditioner\\\/Central System\"}]},{\"@type\":\"WebSite\",\"@id\":\"https:\\\/\\\/directairhvac.com\\\/#website\",\"url\":\"https:\\\/\\\/directairhvac.com\\\/\",\"name\":\"Direct Air | Comfort at its Best\",\"description\":\"Direct Air | Comfort at its Best\",\"publisher\":{\"@id\":\"https:\\\/\\\/directairhvac.com\\\/#organization\"},\"alternateName\":\"Direct Air HVAC\",\"potentialAction\":[{\"@type\":\"SearchAction\",\"target\":{\"@type\":\"EntryPoint\",\"urlTemplate\":\"https:\\\/\\\/directairhvac.com\\\/?s={search_term_string}\"},\"query-input\":{\"@type\":\"PropertyValueSpecification\",\"valueRequired\":true,\"valueName\":\"search_term_string\"}}],\"inLanguage\":\"fr-CA\"},{\"@type\":\"Organization\",\"@id\":\"https:\\\/\\\/directairhvac.com\\\/#organization\",\"name\":\"Direct Air | Comfort at its Best\",\"alternateName\":\"Direct Air HVAC\",\"url\":\"https:\\\/\\\/directairhvac.com\\\/\",\"logo\":{\"@type\":\"ImageObject\",\"inLanguage\":\"fr-CA\",\"@id\":\"https:\\\/\\\/directairhvac.com\\\/#\\\/schema\\\/logo\\\/image\\\/\",\"url\":\"https:\\\/\\\/directairhvac.com\\\/wp-content\\\/uploads\\\/2023\\\/11\\\/direct-air-couleur-sans-fond-e1713278308993.png\",\"contentUrl\":\"https:\\\/\\\/directairhvac.com\\\/wp-content\\\/uploads\\\/2023\\\/11\\\/direct-air-couleur-sans-fond-e1713278308993.png\",\"width\":200,\"height\":92,\"caption\":\"Direct Air | Comfort at its Best\"},\"image\":{\"@id\":\"https:\\\/\\\/directairhvac.com\\\/#\\\/schema\\\/logo\\\/image\\\/\"}}]}<\/script>\n<!-- \/ Yoast SEO plugin. -->","yoast_head_json":{"title":"Air Conditioner\/Central System - Direct Air | Comfort at its Best","description":"|\u00a0Central Air ConditionersDirect Air offers a range of reliable and premium quality products that will bring years of comfort and peace of mind to your","robots":{"index":"index","follow":"follow","max-snippet":"max-snippet:-1","max-image-preview":"max-image-preview:large","max-video-preview":"max-video-preview:-1"},"canonical":"https:\/\/directairhvac.com\/fr\/central-system\/air-conditioner\/","og_locale":"fr_CA","og_type":"article","og_title":"Air Conditioner\/Central System - Direct Air | Comfort at its Best","og_description":"|\u00a0Central Air ConditionersDirect Air offers a range of reliable and premium quality products that will bring years of comfort and peace of mind to your","og_url":"https:\/\/directairhvac.com\/fr\/central-system\/air-conditioner\/","og_site_name":"Direct Air","article_modified_time":"2026-03-09T20:29:21+00:00","og_image":[{"width":520,"height":495,"url":"https:\/\/directairhvac.com\/wp-content\/uploads\/2024\/04\/Central-Heat-pump.png","type":"image\/png"}],"twitter_card":"summary_large_image","twitter_misc":{"Estimation du temps de lecture":"1 minute"},"schema":{"@context":"https:\/\/schema.org","@graph":[{"@type":"WebPage","@id":"https:\/\/directairhvac.com\/central-system\/air-conditioner\/","url":"https:\/\/directairhvac.com\/central-system\/air-conditioner\/","name":"Air Conditioner\/Central System - Direct Air | Comfort at its Best","isPartOf":{"@id":"https:\/\/directairhvac.com\/#website"},"primaryImageOfPage":{"@id":"https:\/\/directairhvac.com\/central-system\/air-conditioner\/#primaryimage"},"image":{"@id":"https:\/\/directairhvac.com\/central-system\/air-conditioner\/#primaryimage"},"thumbnailUrl":"https:\/\/directairhvac.com\/wp-content\/uploads\/2024\/04\/Central-Heat-pump.png","datePublished":"2024-01-05T18:57:49+00:00","dateModified":"2026-03-09T20:29:21+00:00","description":"|\u00a0Central Air ConditionersDirect Air offers a range of reliable and premium quality products that will bring years of comfort and peace of mind to your","breadcrumb":{"@id":"https:\/\/directairhvac.com\/central-system\/air-conditioner\/#breadcrumb"},"inLanguage":"fr-CA","potentialAction":[{"@type":"ReadAction","target":["https:\/\/directairhvac.com\/central-system\/air-conditioner\/"]}]},{"@type":"ImageObject","inLanguage":"fr-CA","@id":"https:\/\/directairhvac.com\/central-system\/air-conditioner\/#primaryimage","url":"https:\/\/directairhvac.com\/wp-content\/uploads\/2024\/04\/Central-Heat-pump.png","contentUrl":"https:\/\/directairhvac.com\/wp-content\/uploads\/2024\/04\/Central-Heat-pump.png"},{"@type":"BreadcrumbList","@id":"https:\/\/directairhvac.com\/central-system\/air-conditioner\/#breadcrumb","itemListElement":[{"@type":"ListItem","position":1,"name":"Home","item":"https:\/\/directairhvac.com\/"},{"@type":"ListItem","position":2,"name":"Central System","item":"https:\/\/directairhvac.com\/central-system\/"},{"@type":"ListItem","position":3,"name":"Air Conditioner\/Central System"}]},{"@type":"WebSite","@id":"https:\/\/directairhvac.com\/#website","url":"https:\/\/directairhvac.com\/","name":"Direct Air | Comfort at its Best","description":"Direct Air | Comfort at its Best","publisher":{"@id":"https:\/\/directairhvac.com\/#organization"},"alternateName":"Direct Air HVAC","potentialAction":[{"@type":"SearchAction","target":{"@type":"EntryPoint","urlTemplate":"https:\/\/directairhvac.com\/?s={search_term_string}"},"query-input":{"@type":"PropertyValueSpecification","valueRequired":true,"valueName":"search_term_string"}}],"inLanguage":"fr-CA"},{"@type":"Organization","@id":"https:\/\/directairhvac.com\/#organization","name":"Direct Air | Comfort at its Best","alternateName":"Direct Air HVAC","url":"https:\/\/directairhvac.com\/","logo":{"@type":"ImageObject","inLanguage":"fr-CA","@id":"https:\/\/directairhvac.com\/#\/schema\/logo\/image\/","url":"https:\/\/directairhvac.com\/wp-content\/uploads\/2023\/11\/direct-air-couleur-sans-fond-e1713278308993.png","contentUrl":"https:\/\/directairhvac.com\/wp-content\/uploads\/2023\/11\/direct-air-couleur-sans-fond-e1713278308993.png","width":200,"height":92,"caption":"Direct Air | Comfort at its Best"},"image":{"@id":"https:\/\/directairhvac.com\/#\/schema\/logo\/image\/"}}]}},"_links":{"self":[{"href":"https:\/\/directairhvac.com\/fr\/wp-json\/wp\/v2\/pages\/2867","targetHints":{"allow":["GET"]}}],"collection":[{"href":"https:\/\/directairhvac.com\/fr\/wp-json\/wp\/v2\/pages"}],"about":[{"href":"https:\/\/directairhvac.com\/fr\/wp-json\/wp\/v2\/types\/page"}],"author":[{"embeddable":true,"href":"https:\/\/directairhvac.com\/fr\/wp-json\/wp\/v2\/users\/1"}],"replies":[{"embeddable":true,"href":"https:\/\/directairhvac.com\/fr\/wp-json\/wp\/v2\/comments?post=2867"}],"version-history":[{"count":43,"href":"https:\/\/directairhvac.com\/fr\/wp-json\/wp\/v2\/pages\/2867\/revisions"}],"predecessor-version":[{"id":12416,"href":"https:\/\/directairhvac.com\/fr\/wp-json\/wp\/v2\/pages\/2867\/revisions\/12416"}],"up":[{"embeddable":true,"href":"https:\/\/directairhvac.com\/fr\/wp-json\/wp\/v2\/pages\/2857"}],"wp:attachment":[{"href":"https:\/\/directairhvac.com\/fr\/wp-json\/wp\/v2\/media?parent=2867"}],"curies":[{"name":"wp","href":"https:\/\/api.w.org\/{rel}","templated":true}]}}