{"id":6682,"date":"2024-04-12T12:59:04","date_gmt":"2024-04-12T12:59:04","guid":{"rendered":"http:\/\/directairhvac.com\/?page_id=6682"},"modified":"2026-01-14T19:33:53","modified_gmt":"2026-01-14T19:33:53","slug":"government-grants","status":"publish","type":"page","link":"https:\/\/directairhvac.com\/fr\/government-grants\/","title":{"rendered":"Subventions du Gouvernement"},"content":{"rendered":"<div data-elementor-type=\"wp-page\" data-elementor-id=\"6682\" class=\"elementor elementor-6682\" data-elementor-post-type=\"page\">\n\t\t\t\t<div class=\"elementor-element elementor-element-3af183b e-flex e-con-boxed e-con e-parent\" data-id=\"3af183b\" data-element_type=\"container\" data-e-type=\"container\">\n\t\t\t\t\t<div class=\"e-con-inner\">\n\t\t\t\t<div class=\"elementor-element elementor-element-cd68786 elementor-widget elementor-widget-heading\" data-id=\"cd68786\" data-element_type=\"widget\" data-e-type=\"widget\" data-widget_type=\"heading.default\">\n\t\t\t\t<div class=\"elementor-widget-container\">\n\t\t\t\t\t<h2 class=\"elementor-heading-title elementor-size-default\">SUBVENTIONS &amp; RABAIS<\/h2>\t\t\t\t<\/div>\n\t\t\t\t<\/div>\n\t\t\t\t<div class=\"elementor-element elementor-element-1d8237d elementor-widget elementor-widget-text-editor\" data-id=\"1d8237d\" data-element_type=\"widget\" data-e-type=\"widget\" data-widget_type=\"text-editor.default\">\n\t\t\t\t<div class=\"elementor-widget-container\">\n\t\t\t\t\t\t\t\t\t<p>La conception d\u2019une maison plus saine et \u00e9cologique peut sembler co\u00fbteuse au premier abord, mais de nombreux programmes de subventions et d\u2019aide financi\u00e8re sont offerts par divers ordres de gouvernement pour soutenir vos efforts visant \u00e0 am\u00e9liorer le confort \u00e0 la maison et \u00e0 r\u00e9duire les co\u00fbts \u00e9nerg\u00e9tiques. Consultez la liste ci-dessous pour identifier le programme qui convient au syst\u00e8me que vous pr\u00e9voyez d\u2019installer et d\u00e9couvrir les avantages financiers potentiels que vous pouvez recevoir.<\/p>\t\t\t\t\t\t\t\t<\/div>\n\t\t\t\t<\/div>\n\t\t\t\t<div class=\"elementor-element elementor-element-3f527c0 elementor-widget elementor-widget-text-editor\" data-id=\"3f527c0\" data-element_type=\"widget\" data-e-type=\"widget\" data-widget_type=\"text-editor.default\">\n\t\t\t\t<div class=\"elementor-widget-container\">\n\t\t\t\t\t\t\t\t\t<p>\u00a0Veuillez noter que les informations contenues sur ce site sont fournies \u00e0 titre indicatif seulement. Il est primordial de confirmer l\u2019\u00e9ligibilit\u00e9, les exigences ainsi que les autres informations aupr\u00e8s du programme applicable ou des sites gouvernementaux.<\/p>\t\t\t\t\t\t\t\t<\/div>\n\t\t\t\t<\/div>\n\t\t\t\t\t<\/div>\n\t\t\t\t<\/div>\n\t\t<div class=\"elementor-element elementor-element-ea5f99d e-flex e-con-boxed e-con e-parent\" data-id=\"ea5f99d\" data-element_type=\"container\" data-e-type=\"container\" data-settings=\"{&quot;background_background&quot;:&quot;classic&quot;}\">\n\t\t\t\t\t<div class=\"e-con-inner\">\n\t\t\t\t<div class=\"elementor-element elementor-element-5d8a040 elementor-widget__width-initial elementor-widget-tablet__width-inherit elementor-widget elementor-widget-toggle\" data-id=\"5d8a040\" data-element_type=\"widget\" data-e-type=\"widget\" data-widget_type=\"toggle.default\">\n\t\t\t\t<div class=\"elementor-widget-container\">\n\t\t\t\t\t\t\t<div class=\"elementor-toggle\">\n\t\t\t\t\t\t\t<div class=\"elementor-toggle-item\">\n\t\t\t\t\t<div id=\"elementor-tab-title-9801\" class=\"elementor-tab-title\" data-tab=\"1\" role=\"button\" aria-controls=\"elementor-tab-content-9801\" aria-expanded=\"false\">\n\t\t\t\t\t\t\t\t\t\t\t\t<span class=\"elementor-toggle-icon elementor-toggle-icon-right\" aria-hidden=\"true\">\n\t\t\t\t\t\t\t\t\t\t\t\t\t\t\t<span class=\"elementor-toggle-icon-closed\"><svg class=\"e-font-icon-svg e-fas-caret-right\" viewbox=\"0 0 192 512\" xmlns=\"http:\/\/www.w3.org\/2000\/svg\"><path d=\"M0 384.662V127.338c0-17.818 21.543-26.741 34.142-14.142l128.662 128.662c7.81 7.81 7.81 20.474 0 28.284L34.142 398.804C21.543 411.404 0 402.48 0 384.662z\"><\/path><\/svg><\/span>\n\t\t\t\t\t\t\t\t<span class=\"elementor-toggle-icon-opened\"><svg class=\"elementor-toggle-icon-opened e-font-icon-svg e-fas-caret-up\" viewbox=\"0 0 320 512\" xmlns=\"http:\/\/www.w3.org\/2000\/svg\"><path d=\"M288.662 352H31.338c-17.818 0-26.741-21.543-14.142-34.142l128.662-128.662c7.81-7.81 20.474-7.81 28.284 0l128.662 128.662c12.6 12.599 3.676 34.142-14.142 34.142z\"><\/path><\/svg><\/span>\n\t\t\t\t\t\t\t\t\t\t\t\t\t<\/span>\n\t\t\t\t\t\t\t\t\t\t\t\t<a class=\"elementor-toggle-title\" tabindex=\"0\">CONVERSION ABORDABLE DU MAZOUT \u00c0 LA THERMOPOMPE (CAMT)<\/a>\n\t\t\t\t\t<\/div>\n\n\t\t\t\t\t<div id=\"elementor-tab-content-9801\" class=\"elementor-tab-content elementor-clearfix\" data-tab=\"1\" role=\"region\" aria-labelledby=\"elementor-tab-title-9801\"><p class=\"x_MsoNormal\"><span lang=\"EN-CA\">Le programme pour la Conversion abordable du mazout \u00e0 la thermopompe (CAMT) aide les propri\u00e9taires qui chauffent actuellement leur maison au mazout \u00e0 passer au chauffage \u00e9lectrique en installant un syst\u00e8me de thermopompe admissible. Ce changement peut vous aider \u00e0 \u00e9conomiser des milliers de dollars sur vos factures de chauffage chaque ann\u00e9e et \u00e0 r\u00e9duire les \u00e9missions de gaz \u00e0 effet de serre.\u00a0<\/span><\/p><p class=\"x_MsoNormal\"><span lang=\"EN-CA\">\u00a0<\/span><\/p><p class=\"translation-block\">Pour plus d\u2019information: \u00a0 <a href=\"https:\/\/ressources-naturelles.canada.ca\/efficacite-energetique\/maisons\/initiative-canadienne-pour-des-maisons-plus-vertes\/subvention-canadienne-pour-des-maisons-plus-vertes\/subvention-canadienne-pour-des-maisons-plus-vertes\/23445?_gl=1*1cxalg7*_ga*MjEyMDgwMjY0My4xNzAyMDA5Mjcw*_ga_C2N57Y7DX5*MTcxODIwMDAwMi44LjEuMTcxODIwMTIwOC4wLjAuMA..\" target=\"_blank\" rel=\"noopener\"><strong> Cliquer Ici<\/strong><\/a><\/span><\/p><\/div>\n\t\t\t\t<\/div>\n\t\t\t\t\t\t\t<div class=\"elementor-toggle-item\">\n\t\t\t\t\t<div id=\"elementor-tab-title-9802\" class=\"elementor-tab-title\" data-tab=\"2\" role=\"button\" aria-controls=\"elementor-tab-content-9802\" aria-expanded=\"false\">\n\t\t\t\t\t\t\t\t\t\t\t\t<span class=\"elementor-toggle-icon elementor-toggle-icon-right\" aria-hidden=\"true\">\n\t\t\t\t\t\t\t\t\t\t\t\t\t\t\t<span class=\"elementor-toggle-icon-closed\"><svg class=\"e-font-icon-svg e-fas-caret-right\" viewbox=\"0 0 192 512\" xmlns=\"http:\/\/www.w3.org\/2000\/svg\"><path d=\"M0 384.662V127.338c0-17.818 21.543-26.741 34.142-14.142l128.662 128.662c7.81 7.81 7.81 20.474 0 28.284L34.142 398.804C21.543 411.404 0 402.48 0 384.662z\"><\/path><\/svg><\/span>\n\t\t\t\t\t\t\t\t<span class=\"elementor-toggle-icon-opened\"><svg class=\"elementor-toggle-icon-opened e-font-icon-svg e-fas-caret-up\" viewbox=\"0 0 320 512\" xmlns=\"http:\/\/www.w3.org\/2000\/svg\"><path d=\"M288.662 352H31.338c-17.818 0-26.741-21.543-14.142-34.142l128.662-128.662c7.81-7.81 20.474-7.81 28.284 0l128.662 128.662c12.6 12.599 3.676 34.142-14.142 34.142z\"><\/path><\/svg><\/span>\n\t\t\t\t\t\t\t\t\t\t\t\t\t<\/span>\n\t\t\t\t\t\t\t\t\t\t\t\t<a class=\"elementor-toggle-title\" tabindex=\"0\">LogisVert - Qu\u00e9bec <\/a>\n\t\t\t\t\t<\/div>\n\n\t\t\t\t\t<div id=\"elementor-tab-content-9802\" class=\"elementor-tab-content elementor-clearfix\" data-tab=\"2\" role=\"region\" aria-labelledby=\"elementor-tab-title-9802\"><p class=\"x_MsoNormal\"><span lang=\"EN-CA\">Avec LogisVert, c\u2019est facile d\u2019adopter des habitudes de consommation \u00e9coresponsables. \u00c9conomisez argent et \u00e9nergie en obtenant une aide financi\u00e8re pour la mise en place de mesures d\u2019efficacit\u00e9 \u00e9nerg\u00e9tique.<\/span><\/p><p class=\"translation-block\">Pour plus d\u2019information: \u00a0 <a href=\"https:\/\/ressources-naturelles.canada.ca\/efficacite-energetique\/maisons\/initiative-canadienne-pour-des-maisons-plus-vertes\/subvention-canadienne-pour-des-maisons-plus-vertes\/subvention-canadienne-pour-des-maisons-plus-vertes\/23445?_gl=1*1cxalg7*_ga*MjEyMDgwMjY0My4xNzAyMDA5Mjcw*_ga_C2N57Y7DX5*MTcxODIwMDAwMi44LjEuMTcxODIwMTIwOC4wLjAuMA..\" target=\"_blank\" rel=\"noopener\"><strong> Cliquer Ici<\/strong><\/a><\/span><\/p><\/div>\n\t\t\t\t<\/div>\n\t\t\t\t\t\t\t<div class=\"elementor-toggle-item\">\n\t\t\t\t\t<div id=\"elementor-tab-title-9803\" class=\"elementor-tab-title\" data-tab=\"3\" role=\"button\" aria-controls=\"elementor-tab-content-9803\" aria-expanded=\"false\">\n\t\t\t\t\t\t\t\t\t\t\t\t<span class=\"elementor-toggle-icon elementor-toggle-icon-right\" aria-hidden=\"true\">\n\t\t\t\t\t\t\t\t\t\t\t\t\t\t\t<span class=\"elementor-toggle-icon-closed\"><svg class=\"e-font-icon-svg e-fas-caret-right\" viewbox=\"0 0 192 512\" xmlns=\"http:\/\/www.w3.org\/2000\/svg\"><path d=\"M0 384.662V127.338c0-17.818 21.543-26.741 34.142-14.142l128.662 128.662c7.81 7.81 7.81 20.474 0 28.284L34.142 398.804C21.543 411.404 0 402.48 0 384.662z\"><\/path><\/svg><\/span>\n\t\t\t\t\t\t\t\t<span class=\"elementor-toggle-icon-opened\"><svg class=\"elementor-toggle-icon-opened e-font-icon-svg e-fas-caret-up\" viewbox=\"0 0 320 512\" xmlns=\"http:\/\/www.w3.org\/2000\/svg\"><path d=\"M288.662 352H31.338c-17.818 0-26.741-21.543-14.142-34.142l128.662-128.662c7.81-7.81 20.474-7.81 28.284 0l128.662 128.662c12.6 12.599 3.676 34.142-14.142 34.142z\"><\/path><\/svg><\/span>\n\t\t\t\t\t\t\t\t\t\t\t\t\t<\/span>\n\t\t\t\t\t\t\t\t\t\t\t\t<a class=\"elementor-toggle-title\" tabindex=\"0\">La Subvention Canadienne pour des maisons plus vertes <\/a>\n\t\t\t\t\t<\/div>\n\n\t\t\t\t\t<div id=\"elementor-tab-content-9803\" class=\"elementor-tab-content elementor-clearfix\" data-tab=\"3\" role=\"region\" aria-labelledby=\"elementor-tab-title-9803\"><p><img decoding=\"async\" src=\"https:\/\/directairhvac.com\/wp-content\/uploads\/2024\/06\/greener-home-logo-e1718200900162.png\" alt=\"Canada Greener Home\" \/><\/p><p>Nous voulons aider les Canadiens \u00e0 vivre dans des milieux plus \u00e9co\u00e9nerg\u00e9tiques. L\u2019Initiative canadienne pour des maisons plus vertes aidera les propri\u00e9taires de maison \u00e0 \u00e9conomiser de l\u2019argent, cr\u00e9era de nouveaux emplois de conseillers en efficacit\u00e9 \u00e9nerg\u00e9tique partout au Canada et luttera contre les changements climatiques.<\/p><p class=\"translation-block\">Pour plus d\u2019information: \u00a0 <a href=\"https:\/\/ressources-naturelles.canada.ca\/efficacite-energetique\/maisons\/initiative-canadienne-pour-des-maisons-plus-vertes\/subvention-canadienne-pour-des-maisons-plus-vertes\/subvention-canadienne-pour-des-maisons-plus-vertes\/23445?_gl=1*1cxalg7*_ga*MjEyMDgwMjY0My4xNzAyMDA5Mjcw*_ga_C2N57Y7DX5*MTcxODIwMDAwMi44LjEuMTcxODIwMTIwOC4wLjAuMA..\" target=\"_blank\" rel=\"noopener\"><strong> Cliquer Ici<\/strong><\/a><\/span><\/p><\/div>\n\t\t\t\t<\/div>\n\t\t\t\t\t\t\t\t<\/div>\n\t\t\t\t\t\t<\/div>\n\t\t\t\t<\/div>\n\t\t\t\t\t<\/div>\n\t\t\t\t<\/div>\n\t\t\t\t<\/div>","protected":false},"excerpt":{"rendered":"<p>Government Grants and Rebates Designing a healthier, eco-friendly home may appear costly at first, but numerous grants and financial aid [&hellip;]<\/p>\n","protected":false},"author":1,"featured_media":0,"parent":0,"menu_order":0,"comment_status":"closed","ping_status":"closed","template":"","meta":{"_monsterinsights_skip_tracking":false,"_monsterinsights_sitenote_active":false,"_monsterinsights_sitenote_note":"","_monsterinsights_sitenote_category":0,"site-sidebar-layout":"no-sidebar","site-content-layout":"page-builder","ast-site-content-layout":"full-width-container","site-content-style":"default","site-sidebar-style":"default","ast-global-header-display":"","ast-banner-title-visibility":"","ast-main-header-display":"","ast-hfb-above-header-display":"","ast-hfb-below-header-display":"","ast-hfb-mobile-header-display":"","site-post-title":"disabled","ast-breadcrumbs-content":"","ast-featured-img":"disabled","footer-sml-layout":"","theme-transparent-header-meta":"","adv-header-id-meta":"","stick-header-meta":"","header-above-stick-meta":"","header-main-stick-meta":"","header-below-stick-meta":"","astra-migrate-meta-layouts":"set","ast-page-background-enabled":"default","ast-page-background-meta":{"desktop":{"background-color":"var(--ast-global-color-4)","background-image":"","background-repeat":"repeat","background-position":"center center","background-size":"auto","background-attachment":"scroll","background-type":"","background-media":"","overlay-type":"","overlay-color":"","overlay-opacity":"","overlay-gradient":""},"tablet":{"background-color":"","background-image":"","background-repeat":"repeat","background-position":"center center","background-size":"auto","background-attachment":"scroll","background-type":"","background-media":"","overlay-type":"","overlay-color":"","overlay-opacity":"","overlay-gradient":""},"mobile":{"background-color":"","background-image":"","background-repeat":"repeat","background-position":"center center","background-size":"auto","background-attachment":"scroll","background-type":"","background-media":"","overlay-type":"","overlay-color":"","overlay-opacity":"","overlay-gradient":""}},"ast-content-background-meta":{"desktop":{"background-color":"var(--ast-global-color-5)","background-image":"","background-repeat":"repeat","background-position":"center center","background-size":"auto","background-attachment":"scroll","background-type":"","background-media":"","overlay-type":"","overlay-color":"","overlay-opacity":"","overlay-gradient":""},"tablet":{"background-color":"var(--ast-global-color-5)","background-image":"","background-repeat":"repeat","background-position":"center center","background-size":"auto","background-attachment":"scroll","background-type":"","background-media":"","overlay-type":"","overlay-color":"","overlay-opacity":"","overlay-gradient":""},"mobile":{"background-color":"var(--ast-global-color-5)","background-image":"","background-repeat":"repeat","background-position":"center center","background-size":"auto","background-attachment":"scroll","background-type":"","background-media":"","overlay-type":"","overlay-color":"","overlay-opacity":"","overlay-gradient":""}},"footnotes":""},"class_list":["post-6682","page","type-page","status-publish","hentry"],"yoast_head":"<!-- This site is optimized with the Yoast SEO plugin v27.4 - https:\/\/yoast.com\/product\/yoast-seo-wordpress\/ -->\n<title>Government Grants - Direct Air | Comfort at its Best<\/title>\n<meta name=\"description\" content=\"Government Grants and Rebates Designing a healthier, eco-friendly home may appear costly at first, but numerous grants and financial aid programs are\" \/>\n<meta name=\"robots\" content=\"index, follow, max-snippet:-1, max-image-preview:large, max-video-preview:-1\" \/>\n<link rel=\"canonical\" href=\"https:\/\/directairhvac.com\/fr\/government-grants\/\" \/>\n<meta property=\"og:locale\" content=\"fr_CA\" \/>\n<meta property=\"og:type\" content=\"article\" \/>\n<meta property=\"og:title\" content=\"Government Grants - Direct Air | Comfort at its Best\" \/>\n<meta property=\"og:description\" content=\"Government Grants and Rebates Designing a healthier, eco-friendly home may appear costly at first, but numerous grants and financial aid programs are\" \/>\n<meta property=\"og:url\" content=\"https:\/\/directairhvac.com\/fr\/government-grants\/\" \/>\n<meta property=\"og:site_name\" content=\"Direct Air\" \/>\n<meta property=\"article:modified_time\" content=\"2026-01-14T19:33:53+00:00\" \/>\n<meta property=\"og:image\" content=\"https:\/\/directairhvac.com\/wp-content\/uploads\/2024\/06\/greener-home-logo-e1718200900162.png\" \/>\n<meta name=\"twitter:card\" content=\"summary_large_image\" \/>\n<meta name=\"twitter:label1\" content=\"Estimation du temps de lecture\" \/>\n\t<meta name=\"twitter:data1\" content=\"2 minutes\" \/>\n<script type=\"application\/ld+json\" class=\"yoast-schema-graph\">{\"@context\":\"https:\\\/\\\/schema.org\",\"@graph\":[{\"@type\":\"WebPage\",\"@id\":\"https:\\\/\\\/directairhvac.com\\\/government-grants\\\/\",\"url\":\"https:\\\/\\\/directairhvac.com\\\/government-grants\\\/\",\"name\":\"Government Grants - Direct Air | Comfort at its Best\",\"isPartOf\":{\"@id\":\"https:\\\/\\\/directairhvac.com\\\/#website\"},\"primaryImageOfPage\":{\"@id\":\"https:\\\/\\\/directairhvac.com\\\/government-grants\\\/#primaryimage\"},\"image\":{\"@id\":\"https:\\\/\\\/directairhvac.com\\\/government-grants\\\/#primaryimage\"},\"thumbnailUrl\":\"https:\\\/\\\/directairhvac.com\\\/wp-content\\\/uploads\\\/2024\\\/06\\\/greener-home-logo-e1718200900162.png\",\"datePublished\":\"2024-04-12T12:59:04+00:00\",\"dateModified\":\"2026-01-14T19:33:53+00:00\",\"description\":\"Government Grants and Rebates Designing a healthier, eco-friendly home may appear costly at first, but numerous grants and financial aid programs are\",\"breadcrumb\":{\"@id\":\"https:\\\/\\\/directairhvac.com\\\/government-grants\\\/#breadcrumb\"},\"inLanguage\":\"fr-CA\",\"potentialAction\":[{\"@type\":\"ReadAction\",\"target\":[\"https:\\\/\\\/directairhvac.com\\\/government-grants\\\/\"]}]},{\"@type\":\"ImageObject\",\"inLanguage\":\"fr-CA\",\"@id\":\"https:\\\/\\\/directairhvac.com\\\/government-grants\\\/#primaryimage\",\"url\":\"https:\\\/\\\/directairhvac.com\\\/wp-content\\\/uploads\\\/2024\\\/06\\\/greener-home-logo-e1718200900162.png\",\"contentUrl\":\"https:\\\/\\\/directairhvac.com\\\/wp-content\\\/uploads\\\/2024\\\/06\\\/greener-home-logo-e1718200900162.png\"},{\"@type\":\"BreadcrumbList\",\"@id\":\"https:\\\/\\\/directairhvac.com\\\/government-grants\\\/#breadcrumb\",\"itemListElement\":[{\"@type\":\"ListItem\",\"position\":1,\"name\":\"Home\",\"item\":\"https:\\\/\\\/directairhvac.com\\\/\"},{\"@type\":\"ListItem\",\"position\":2,\"name\":\"Government Grants\"}]},{\"@type\":\"WebSite\",\"@id\":\"https:\\\/\\\/directairhvac.com\\\/#website\",\"url\":\"https:\\\/\\\/directairhvac.com\\\/\",\"name\":\"Direct Air | Comfort at its Best\",\"description\":\"Direct Air | Comfort at its Best\",\"publisher\":{\"@id\":\"https:\\\/\\\/directairhvac.com\\\/#organization\"},\"alternateName\":\"Direct Air HVAC\",\"potentialAction\":[{\"@type\":\"SearchAction\",\"target\":{\"@type\":\"EntryPoint\",\"urlTemplate\":\"https:\\\/\\\/directairhvac.com\\\/?s={search_term_string}\"},\"query-input\":{\"@type\":\"PropertyValueSpecification\",\"valueRequired\":true,\"valueName\":\"search_term_string\"}}],\"inLanguage\":\"fr-CA\"},{\"@type\":\"Organization\",\"@id\":\"https:\\\/\\\/directairhvac.com\\\/#organization\",\"name\":\"Direct Air | Comfort at its Best\",\"alternateName\":\"Direct Air HVAC\",\"url\":\"https:\\\/\\\/directairhvac.com\\\/\",\"logo\":{\"@type\":\"ImageObject\",\"inLanguage\":\"fr-CA\",\"@id\":\"https:\\\/\\\/directairhvac.com\\\/#\\\/schema\\\/logo\\\/image\\\/\",\"url\":\"https:\\\/\\\/directairhvac.com\\\/wp-content\\\/uploads\\\/2023\\\/11\\\/direct-air-couleur-sans-fond-e1713278308993.png\",\"contentUrl\":\"https:\\\/\\\/directairhvac.com\\\/wp-content\\\/uploads\\\/2023\\\/11\\\/direct-air-couleur-sans-fond-e1713278308993.png\",\"width\":200,\"height\":92,\"caption\":\"Direct Air | Comfort at its Best\"},\"image\":{\"@id\":\"https:\\\/\\\/directairhvac.com\\\/#\\\/schema\\\/logo\\\/image\\\/\"}}]}<\/script>\n<!-- \/ Yoast SEO plugin. -->","yoast_head_json":{"title":"Government Grants - Direct Air | Comfort at its Best","description":"Government Grants and Rebates Designing a healthier, eco-friendly home may appear costly at first, but numerous grants and financial aid programs are","robots":{"index":"index","follow":"follow","max-snippet":"max-snippet:-1","max-image-preview":"max-image-preview:large","max-video-preview":"max-video-preview:-1"},"canonical":"https:\/\/directairhvac.com\/fr\/government-grants\/","og_locale":"fr_CA","og_type":"article","og_title":"Government Grants - Direct Air | Comfort at its Best","og_description":"Government Grants and Rebates Designing a healthier, eco-friendly home may appear costly at first, but numerous grants and financial aid programs are","og_url":"https:\/\/directairhvac.com\/fr\/government-grants\/","og_site_name":"Direct Air","article_modified_time":"2026-01-14T19:33:53+00:00","og_image":[{"url":"https:\/\/directairhvac.com\/wp-content\/uploads\/2024\/06\/greener-home-logo-e1718200900162.png","type":"","width":"","height":""}],"twitter_card":"summary_large_image","twitter_misc":{"Estimation du temps de lecture":"2 minutes"},"schema":{"@context":"https:\/\/schema.org","@graph":[{"@type":"WebPage","@id":"https:\/\/directairhvac.com\/government-grants\/","url":"https:\/\/directairhvac.com\/government-grants\/","name":"Government Grants - Direct Air | Comfort at its Best","isPartOf":{"@id":"https:\/\/directairhvac.com\/#website"},"primaryImageOfPage":{"@id":"https:\/\/directairhvac.com\/government-grants\/#primaryimage"},"image":{"@id":"https:\/\/directairhvac.com\/government-grants\/#primaryimage"},"thumbnailUrl":"https:\/\/directairhvac.com\/wp-content\/uploads\/2024\/06\/greener-home-logo-e1718200900162.png","datePublished":"2024-04-12T12:59:04+00:00","dateModified":"2026-01-14T19:33:53+00:00","description":"Government Grants and Rebates Designing a healthier, eco-friendly home may appear costly at first, but numerous grants and financial aid programs are","breadcrumb":{"@id":"https:\/\/directairhvac.com\/government-grants\/#breadcrumb"},"inLanguage":"fr-CA","potentialAction":[{"@type":"ReadAction","target":["https:\/\/directairhvac.com\/government-grants\/"]}]},{"@type":"ImageObject","inLanguage":"fr-CA","@id":"https:\/\/directairhvac.com\/government-grants\/#primaryimage","url":"https:\/\/directairhvac.com\/wp-content\/uploads\/2024\/06\/greener-home-logo-e1718200900162.png","contentUrl":"https:\/\/directairhvac.com\/wp-content\/uploads\/2024\/06\/greener-home-logo-e1718200900162.png"},{"@type":"BreadcrumbList","@id":"https:\/\/directairhvac.com\/government-grants\/#breadcrumb","itemListElement":[{"@type":"ListItem","position":1,"name":"Home","item":"https:\/\/directairhvac.com\/"},{"@type":"ListItem","position":2,"name":"Government Grants"}]},{"@type":"WebSite","@id":"https:\/\/directairhvac.com\/#website","url":"https:\/\/directairhvac.com\/","name":"Direct Air | Comfort at its Best","description":"Direct Air | Comfort at its Best","publisher":{"@id":"https:\/\/directairhvac.com\/#organization"},"alternateName":"Direct Air HVAC","potentialAction":[{"@type":"SearchAction","target":{"@type":"EntryPoint","urlTemplate":"https:\/\/directairhvac.com\/?s={search_term_string}"},"query-input":{"@type":"PropertyValueSpecification","valueRequired":true,"valueName":"search_term_string"}}],"inLanguage":"fr-CA"},{"@type":"Organization","@id":"https:\/\/directairhvac.com\/#organization","name":"Direct Air | Comfort at its Best","alternateName":"Direct Air HVAC","url":"https:\/\/directairhvac.com\/","logo":{"@type":"ImageObject","inLanguage":"fr-CA","@id":"https:\/\/directairhvac.com\/#\/schema\/logo\/image\/","url":"https:\/\/directairhvac.com\/wp-content\/uploads\/2023\/11\/direct-air-couleur-sans-fond-e1713278308993.png","contentUrl":"https:\/\/directairhvac.com\/wp-content\/uploads\/2023\/11\/direct-air-couleur-sans-fond-e1713278308993.png","width":200,"height":92,"caption":"Direct Air | Comfort at its Best"},"image":{"@id":"https:\/\/directairhvac.com\/#\/schema\/logo\/image\/"}}]}},"_links":{"self":[{"href":"https:\/\/directairhvac.com\/fr\/wp-json\/wp\/v2\/pages\/6682","targetHints":{"allow":["GET"]}}],"collection":[{"href":"https:\/\/directairhvac.com\/fr\/wp-json\/wp\/v2\/pages"}],"about":[{"href":"https:\/\/directairhvac.com\/fr\/wp-json\/wp\/v2\/types\/page"}],"author":[{"embeddable":true,"href":"https:\/\/directairhvac.com\/fr\/wp-json\/wp\/v2\/users\/1"}],"replies":[{"embeddable":true,"href":"https:\/\/directairhvac.com\/fr\/wp-json\/wp\/v2\/comments?post=6682"}],"version-history":[{"count":112,"href":"https:\/\/directairhvac.com\/fr\/wp-json\/wp\/v2\/pages\/6682\/revisions"}],"predecessor-version":[{"id":12289,"href":"https:\/\/directairhvac.com\/fr\/wp-json\/wp\/v2\/pages\/6682\/revisions\/12289"}],"wp:attachment":[{"href":"https:\/\/directairhvac.com\/fr\/wp-json\/wp\/v2\/media?parent=6682"}],"curies":[{"name":"wp","href":"https:\/\/api.w.org\/{rel}","templated":true}]}}